{"id":326,"date":"2024-02-16T14:25:24","date_gmt":"2024-02-16T13:25:24","guid":{"rendered":"https:\/\/fincaelazahar.com\/?page_id=326"},"modified":"2025-04-24T17:23:39","modified_gmt":"2025-04-24T15:23:39","slug":"la-casa-rural","status":"publish","type":"page","link":"https:\/\/fincaelazahar.com\/en\/la-casa-rural\/","title":{"rendered":"The guest house"},"content":{"rendered":"<div data-elementor-type=\"wp-page\" data-elementor-id=\"326\" class=\"elementor elementor-326\" data-elementor-post-type=\"page\">\n\t\t\t\t<div class=\"elementor-element elementor-element-c399a9f e-flex e-con-boxed e-con e-parent\" data-id=\"c399a9f\" data-element_type=\"container\" data-settings=\"{&quot;background_background&quot;:&quot;classic&quot;}\">\n\t\t\t\t\t<div class=\"e-con-inner\">\n\t\t\t\t<div class=\"elementor-element elementor-element-9c53ed6 elementor-widget elementor-widget-heading\" data-id=\"9c53ed6\" data-element_type=\"widget\" data-widget_type=\"heading.default\">\n\t\t\t\t<div class=\"elementor-widget-container\">\n\t\t\t\t\t<h1 class=\"elementor-heading-title elementor-size-default\">A guest house In Trujillo<\/h1>\t\t\t\t<\/div>\n\t\t\t\t<\/div>\n\t\t\t\t<div class=\"elementor-element elementor-element-d5d6523 elementor-widget elementor-widget-heading\" data-id=\"d5d6523\" data-element_type=\"widget\" data-widget_type=\"heading.default\">\n\t\t\t\t<div class=\"elementor-widget-container\">\n\t\t\t\t\t<h2 class=\"elementor-heading-title elementor-size-default\">Between tradition, exclusivity and sustainable tourism.<\/h2>\t\t\t\t<\/div>\n\t\t\t\t<\/div>\n\t\t\t\t<div class=\"elementor-element elementor-element-c1d0593 elementor-widget__width-initial elementor-widget elementor-widget-text-editor\" data-id=\"c1d0593\" data-element_type=\"widget\" data-widget_type=\"text-editor.default\">\n\t\t\t\t<div class=\"elementor-widget-container\">\n\t\t\t\t\t\t\t\t\t<p>Finca el Azahar is an exclusive <strong>guest house in Trujillo<\/strong>, ideal for those who\nare looking for tranquillity, comfort and privacy <strong>. Unlike other guestl houses\nnear Trujillo<\/strong>, it can be rented as a whole or by rooms.\nIt has five spacious and bright rooms, with views of the gardens or\nto the countryside, distributed between the main building and the outbuildings.<\/p><p>The recent renovation of this old rustic wine press, where in the past the\ngrapes were trodden and the must was collected, has been carried out by the artist and designer F\u00e1tima de Burnay, who has managed to give it charm and a personal and modern touch. \nThanks to the use of materials typical of the region and the preservation\nof the original architecture, this<strong> rural house in the province of C\u00e1ceres<\/strong> offers a unique, warm and welcoming atmosphere, in full harmony with the surroundings.<\/p><p>Finca el Azahar aims to be a sustainable and environmentally friendly rural accommodation. Its traditional architecture allows it to take advantage of the natural thermal comfort without the need to overload the spaces with artificial air conditioning systems.A perfect destination for those looking for an authentic experience in a <strong>rural house in Extremadura<\/strong>.<\/p>\t\t\t\t\t\t\t\t<\/div>\n\t\t\t\t<\/div>\n\t\t\t\t\t<\/div>\n\t\t\t\t<\/div>\n\t\t<div class=\"elementor-element elementor-element-aa4343c e-flex e-con-boxed e-con e-parent\" data-id=\"aa4343c\" data-element_type=\"container\">\n\t\t\t\t\t<div class=\"e-con-inner\">\n\t\t<div class=\"elementor-element elementor-element-7cb7901 e-flex e-con-boxed e-con e-child\" data-id=\"7cb7901\" data-element_type=\"container\">\n\t\t\t\t\t<div class=\"e-con-inner\">\n\t\t\t\t<div class=\"elementor-element elementor-element-23a2fc5 elementor-absolute elementor-widget elementor-widget-image\" data-id=\"23a2fc5\" data-element_type=\"widget\" data-settings=\"{&quot;_position&quot;:&quot;absolute&quot;}\" data-widget_type=\"image.default\">\n\t\t\t\t<div class=\"elementor-widget-container\">\n\t\t\t\t\t\t\t\t\t\t\t\t\t\t\t<img fetchpriority=\"high\" decoding=\"async\" width=\"355\" height=\"240\" src=\"https:\/\/fincaelazahar.com\/wp-content\/uploads\/2024\/02\/icon1.png\" class=\"attachment-large size-large wp-image-375\" alt=\"Finca El Azahar - Casa Rural en Trujillo\" \/>\t\t\t\t\t\t\t\t\t\t\t\t\t\t\t<\/div>\n\t\t\t\t<\/div>\n\t\t\t\t<div class=\"elementor-element elementor-element-f29eb92 elementor-arrows-position-outside elementor-widget__width-initial elementor-widget elementor-widget-image-carousel\" data-id=\"f29eb92\" data-element_type=\"widget\" data-settings=\"{&quot;slides_to_show&quot;:&quot;1&quot;,&quot;navigation&quot;:&quot;arrows&quot;,&quot;autoplay&quot;:&quot;yes&quot;,&quot;pause_on_hover&quot;:&quot;yes&quot;,&quot;pause_on_interaction&quot;:&quot;yes&quot;,&quot;autoplay_speed&quot;:5000,&quot;infinite&quot;:&quot;yes&quot;,&quot;effect&quot;:&quot;slide&quot;,&quot;speed&quot;:500}\" data-widget_type=\"image-carousel.default\">\n\t\t\t\t<div class=\"elementor-widget-container\">\n\t\t\t\t\t\t\t<div class=\"elementor-image-carousel-wrapper swiper\" role=\"region\" aria-roledescription=\"carousel\" aria-label=\"Carrusel de im\u00e1genes\" dir=\"ltr\">\n\t\t\t<div class=\"elementor-image-carousel swiper-wrapper\" aria-live=\"off\">\n\t\t\t\t\t\t\t\t<div class=\"swiper-slide\" role=\"group\" aria-roledescription=\"slide\" aria-label=\"1 of 10\"><figure class=\"swiper-slide-inner\"><img decoding=\"async\" class=\"swiper-slide-image\" src=\"https:\/\/fincaelazahar.com\/wp-content\/uploads\/2024\/02\/alquilar-finca-en-trujillo-7.jpg\" alt=\"Finca El Azahar - Casa Rural en Trujillo\" \/><\/figure><\/div><div class=\"swiper-slide\" role=\"group\" aria-roledescription=\"slide\" aria-label=\"2 of 10\"><figure class=\"swiper-slide-inner\"><img decoding=\"async\" class=\"swiper-slide-image\" src=\"https:\/\/fincaelazahar.com\/wp-content\/uploads\/2024\/02\/alquilar-finca-en-trujillo-4.jpg\" alt=\"Finca El Azahar - Casa Rural en Trujillo\" \/><\/figure><\/div><div class=\"swiper-slide\" role=\"group\" aria-roledescription=\"slide\" aria-label=\"3 of 10\"><figure class=\"swiper-slide-inner\"><img decoding=\"async\" class=\"swiper-slide-image\" src=\"https:\/\/fincaelazahar.com\/wp-content\/uploads\/2024\/02\/alquilar-finca-en-trujillo-8.jpg\" alt=\"Finca El Azahar - Casa Rural en Trujillo\" \/><\/figure><\/div><div class=\"swiper-slide\" role=\"group\" aria-roledescription=\"slide\" aria-label=\"4 of 10\"><figure class=\"swiper-slide-inner\"><img decoding=\"async\" class=\"swiper-slide-image\" src=\"https:\/\/fincaelazahar.com\/wp-content\/uploads\/2024\/02\/alquilar-finca-en-trujillo-1-1.jpg\" alt=\"Finca El Azahar - Casa Rural en Trujillo\" \/><\/figure><\/div><div class=\"swiper-slide\" role=\"group\" aria-roledescription=\"slide\" aria-label=\"5 of 10\"><figure class=\"swiper-slide-inner\"><img decoding=\"async\" class=\"swiper-slide-image\" src=\"https:\/\/fincaelazahar.com\/wp-content\/uploads\/2024\/02\/alquilar-finca-en-trujillo-5.jpg\" alt=\"Finca El Azahar - Casa Rural en Trujillo\" \/><\/figure><\/div><div class=\"swiper-slide\" role=\"group\" aria-roledescription=\"slide\" aria-label=\"6 of 10\"><figure class=\"swiper-slide-inner\"><img decoding=\"async\" class=\"swiper-slide-image\" src=\"https:\/\/fincaelazahar.com\/wp-content\/uploads\/2024\/02\/alquilar-finca-en-trujillo-6.jpg\" alt=\"Finca El Azahar - Casa Rural en Trujillo\" \/><\/figure><\/div><div class=\"swiper-slide\" role=\"group\" aria-roledescription=\"slide\" aria-label=\"7 of 10\"><figure class=\"swiper-slide-inner\"><img decoding=\"async\" class=\"swiper-slide-image\" src=\"https:\/\/fincaelazahar.com\/wp-content\/uploads\/2024\/02\/alquilar-finca-en-trujillo-3.jpg\" alt=\"Finca El Azahar - Casa Rural en Trujillo\" \/><\/figure><\/div><div class=\"swiper-slide\" role=\"group\" aria-roledescription=\"slide\" aria-label=\"8 of 10\"><figure class=\"swiper-slide-inner\"><img decoding=\"async\" class=\"swiper-slide-image\" src=\"https:\/\/fincaelazahar.com\/wp-content\/uploads\/2024\/02\/alquilar-finca-en-trujillo-2-1.jpg\" alt=\"Finca El Azahar - Casa Rural en Trujillo\" \/><\/figure><\/div><div class=\"swiper-slide\" role=\"group\" aria-roledescription=\"slide\" aria-label=\"9 of 10\"><figure class=\"swiper-slide-inner\"><img decoding=\"async\" class=\"swiper-slide-image\" src=\"https:\/\/fincaelazahar.com\/wp-content\/uploads\/2024\/02\/alquilar-finca-en-trujillo-2.jpg\" alt=\"Alojamiento rural en Trujillo - Finca El Azahar\" \/><\/figure><\/div><div class=\"swiper-slide\" role=\"group\" aria-roledescription=\"slide\" aria-label=\"10 of 10\"><figure class=\"swiper-slide-inner\"><img decoding=\"async\" class=\"swiper-slide-image\" src=\"https:\/\/fincaelazahar.com\/wp-content\/uploads\/2024\/02\/alquilar-finca-en-trujillo-1.jpg\" alt=\"Alojamiento rural en Trujillo - Finca El Azahar\" \/><\/figure><\/div>\t\t\t<\/div>\n\t\t\t\t\t\t\t\t\t\t\t\t<div class=\"elementor-swiper-button elementor-swiper-button-prev\" role=\"button\" tabindex=\"0\">\n\t\t\t\t\t\t<svg aria-hidden=\"true\" class=\"e-font-icon-svg e-eicon-chevron-left\" viewbox=\"0 0 1000 1000\" xmlns=\"http:\/\/www.w3.org\/2000\/svg\"><path d=\"M646 125C629 125 613 133 604 142L308 442C296 454 292 471 292 487 292 504 296 521 308 533L604 854C617 867 629 875 646 875 663 875 679 871 692 858 704 846 713 829 713 812 713 796 708 779 692 767L438 487 692 225C700 217 708 204 708 187 708 171 704 154 692 142 675 129 663 125 646 125Z\"><\/path><\/svg>\t\t\t\t\t<\/div>\n\t\t\t\t\t<div class=\"elementor-swiper-button elementor-swiper-button-next\" role=\"button\" tabindex=\"0\">\n\t\t\t\t\t\t<svg aria-hidden=\"true\" class=\"e-font-icon-svg e-eicon-chevron-right\" viewbox=\"0 0 1000 1000\" xmlns=\"http:\/\/www.w3.org\/2000\/svg\"><path d=\"M696 533C708 521 713 504 713 487 713 471 708 454 696 446L400 146C388 133 375 125 354 125 338 125 325 129 313 142 300 154 292 171 292 187 292 204 296 221 308 233L563 492 304 771C292 783 288 800 288 817 288 833 296 850 308 863 321 871 338 875 354 875 371 875 388 867 400 854L696 533Z\"><\/path><\/svg>\t\t\t\t\t<\/div>\n\t\t\t\t\n\t\t\t\t\t\t\t\t\t<\/div>\n\t\t\t\t\t\t<\/div>\n\t\t\t\t<\/div>\n\t\t\t\t<div class=\"elementor-element elementor-element-b1df2a6 elementor-absolute elementor-widget elementor-widget-image\" data-id=\"b1df2a6\" data-element_type=\"widget\" data-settings=\"{&quot;_position&quot;:&quot;absolute&quot;}\" data-widget_type=\"image.default\">\n\t\t\t\t<div class=\"elementor-widget-container\">\n\t\t\t\t\t\t\t\t\t\t\t\t\t\t\t<img decoding=\"async\" width=\"224\" height=\"204\" src=\"https:\/\/fincaelazahar.com\/wp-content\/uploads\/2024\/02\/icon2.png\" class=\"attachment-full size-full wp-image-376\" alt=\"Finca El Azahar - Casa Rural en Trujillo\" \/>\t\t\t\t\t\t\t\t\t\t\t\t\t\t\t<\/div>\n\t\t\t\t<\/div>\n\t\t\t\t\t<\/div>\n\t\t\t\t<\/div>\n\t\t\t\t\t<\/div>\n\t\t\t\t<\/div>\n\t\t<div class=\"elementor-element elementor-element-a37e560 e-flex e-con-boxed e-con e-parent\" data-id=\"a37e560\" data-element_type=\"container\">\n\t\t\t\t\t<div class=\"e-con-inner\">\n\t\t\t\t<div class=\"elementor-element elementor-element-6c90d8a elementor-widget elementor-widget-heading\" data-id=\"6c90d8a\" data-element_type=\"widget\" data-widget_type=\"heading.default\">\n\t\t\t\t<div class=\"elementor-widget-container\">\n\t\t\t\t\t<h2 class=\"elementor-heading-title elementor-size-default\">In symbiosis with nature.<\/h2>\t\t\t\t<\/div>\n\t\t\t\t<\/div>\n\t\t\t\t<div class=\"elementor-element elementor-element-201c77a elementor-widget__width-initial elementor-widget elementor-widget-text-editor\" data-id=\"201c77a\" data-element_type=\"widget\" data-widget_type=\"text-editor.default\">\n\t\t\t\t<div class=\"elementor-widget-container\">\n\t\t\t\t\t\t\t\t\t<p>Located in the heart of nature, this <strong>country house with salt water swimming pool in Extremadura<\/strong>, <strong>en Extremadura<\/strong> offers a privileged setting with vineyards, olive trees, orange trees, fig trees, bougainvillea, roses and jasmines and a small organic vegetable garden.<\/p><p>When the weather permits, guests can enjoy breakfast and dinner in the garden under the pergolas in a unique and relaxing atmosphere.<\/p><p>The estate has been landscaped by experts such as Mar\u00eda Medina, Gregorio Mara\u00f1\u00f3n and Peter Bourguignon.<\/p><p>This <strong>country house in Trujillo with swimming pool<\/strong> is the ideal destination for those who wish to combine relaxation with a connection with nature. Its privileged location in <strong>C\u00e1ceres<\/strong> allows visitors to visit the historic city of <strong>Trujillo<\/strong>, known for its impressive Plaza Mayor, its medieval castle and its rich gastronomy. In addition, its proximity to other emblematic destinations in <strong>Extremadura<\/strong>, such as <strong>the Monfrag\u00fce National Park<\/strong> or <strong>the monumental city of C\u00e1ceres<\/strong>, make it a perfect choice for a rural getaway.<br \/>Finca el Azahar is not just a <strong>guest house in Trujillo<\/strong>, but a refuge where comfort, tradition and nature combine to offer an unforgettable experience.<\/p>\t\t\t\t\t\t\t\t<\/div>\n\t\t\t\t<\/div>\n\t\t\t\t\t<\/div>\n\t\t\t\t<\/div>\n\t\t<div class=\"elementor-element elementor-element-99ad615 e-flex e-con-boxed e-con e-parent\" data-id=\"99ad615\" data-element_type=\"container\">\n\t\t\t\t\t<div class=\"e-con-inner\">\n\t\t<div class=\"elementor-element elementor-element-ff15a43 e-flex e-con-boxed e-con e-child\" data-id=\"ff15a43\" data-element_type=\"container\">\n\t\t\t\t\t<div class=\"e-con-inner\">\n\t\t\t\t<div class=\"elementor-element elementor-element-6009780 elementor-absolute elementor-widget elementor-widget-image\" data-id=\"6009780\" data-element_type=\"widget\" data-settings=\"{&quot;_position&quot;:&quot;absolute&quot;}\" data-widget_type=\"image.default\">\n\t\t\t\t<div class=\"elementor-widget-container\">\n\t\t\t\t\t\t\t\t\t\t\t\t\t\t\t<img fetchpriority=\"high\" decoding=\"async\" width=\"355\" height=\"240\" src=\"https:\/\/fincaelazahar.com\/wp-content\/uploads\/2024\/02\/icon1.png\" class=\"attachment-large size-large wp-image-375\" alt=\"Finca El Azahar - Casa Rural en Trujillo\" \/>\t\t\t\t\t\t\t\t\t\t\t\t\t\t\t<\/div>\n\t\t\t\t<\/div>\n\t\t\t\t<div class=\"elementor-element elementor-element-8863162 elementor-arrows-position-outside elementor-widget__width-initial elementor-widget elementor-widget-image-carousel\" data-id=\"8863162\" data-element_type=\"widget\" data-settings=\"{&quot;slides_to_show&quot;:&quot;1&quot;,&quot;navigation&quot;:&quot;arrows&quot;,&quot;autoplay&quot;:&quot;yes&quot;,&quot;pause_on_hover&quot;:&quot;yes&quot;,&quot;pause_on_interaction&quot;:&quot;yes&quot;,&quot;autoplay_speed&quot;:5000,&quot;infinite&quot;:&quot;yes&quot;,&quot;effect&quot;:&quot;slide&quot;,&quot;speed&quot;:500}\" data-widget_type=\"image-carousel.default\">\n\t\t\t\t<div class=\"elementor-widget-container\">\n\t\t\t\t\t\t\t<div class=\"elementor-image-carousel-wrapper swiper\" role=\"region\" aria-roledescription=\"carousel\" aria-label=\"Carrusel de im\u00e1genes\" dir=\"ltr\">\n\t\t\t<div class=\"elementor-image-carousel swiper-wrapper\" aria-live=\"off\">\n\t\t\t\t\t\t\t\t<div class=\"swiper-slide\" role=\"group\" aria-roledescription=\"slide\" aria-label=\"1 of 9\"><figure class=\"swiper-slide-inner\"><img decoding=\"async\" class=\"swiper-slide-image\" src=\"https:\/\/fincaelazahar.com\/wp-content\/uploads\/2024\/02\/alquilar-finca-en-trujillo-8-1.jpg\" alt=\"Finca El Azahar - Casa Rural en Trujillo\" \/><\/figure><\/div><div class=\"swiper-slide\" role=\"group\" aria-roledescription=\"slide\" aria-label=\"2 of 9\"><figure class=\"swiper-slide-inner\"><img decoding=\"async\" class=\"swiper-slide-image\" src=\"https:\/\/fincaelazahar.com\/wp-content\/uploads\/2024\/02\/alquilar-finca-en-trujillo-5-1.jpg\" alt=\"Finca El Azahar - Casa Rural en Trujillo\" \/><\/figure><\/div><div class=\"swiper-slide\" role=\"group\" aria-roledescription=\"slide\" aria-label=\"3 of 9\"><figure class=\"swiper-slide-inner\"><img decoding=\"async\" class=\"swiper-slide-image\" src=\"https:\/\/fincaelazahar.com\/wp-content\/uploads\/2024\/02\/alquilar-finca-en-trujillo-1-2.jpg\" alt=\"Finca El Azahar - Casa Rural en Trujillo\" \/><\/figure><\/div><div class=\"swiper-slide\" role=\"group\" aria-roledescription=\"slide\" aria-label=\"4 of 9\"><figure class=\"swiper-slide-inner\"><img decoding=\"async\" class=\"swiper-slide-image\" src=\"https:\/\/fincaelazahar.com\/wp-content\/uploads\/2024\/02\/alquilar-finca-en-trujillo-6-1.jpg\" alt=\"Finca El Azahar - Casa Rural en Trujillo\" \/><\/figure><\/div><div class=\"swiper-slide\" role=\"group\" aria-roledescription=\"slide\" aria-label=\"5 of 9\"><figure class=\"swiper-slide-inner\"><img decoding=\"async\" class=\"swiper-slide-image\" src=\"https:\/\/fincaelazahar.com\/wp-content\/uploads\/2024\/02\/alquilar-finca-en-trujillo-2-2.jpg\" alt=\"Finca El Azahar - Casa Rural en Trujillo\" \/><\/figure><\/div><div class=\"swiper-slide\" role=\"group\" aria-roledescription=\"slide\" aria-label=\"6 of 9\"><figure class=\"swiper-slide-inner\"><img decoding=\"async\" class=\"swiper-slide-image\" src=\"https:\/\/fincaelazahar.com\/wp-content\/uploads\/2024\/02\/alquilar-finca-en-trujillo-9.jpg\" alt=\"Finca El Azahar - Casa Rural en Trujillo\" \/><\/figure><\/div><div class=\"swiper-slide\" role=\"group\" aria-roledescription=\"slide\" aria-label=\"7 of 9\"><figure class=\"swiper-slide-inner\"><img decoding=\"async\" class=\"swiper-slide-image\" src=\"https:\/\/fincaelazahar.com\/wp-content\/uploads\/2024\/02\/alquilar-finca-en-trujillo-3-1.jpg\" alt=\"Finca El Azahar - Casa Rural en Trujillo\" \/><\/figure><\/div><div class=\"swiper-slide\" role=\"group\" aria-roledescription=\"slide\" aria-label=\"8 of 9\"><figure class=\"swiper-slide-inner\"><img decoding=\"async\" class=\"swiper-slide-image\" src=\"https:\/\/fincaelazahar.com\/wp-content\/uploads\/2024\/02\/alquilar-finca-en-trujillo-4-1.jpg\" alt=\"Finca El Azahar - Casa Rural en Trujillo\" \/><\/figure><\/div><div class=\"swiper-slide\" role=\"group\" aria-roledescription=\"slide\" aria-label=\"9 of 9\"><figure class=\"swiper-slide-inner\"><img decoding=\"async\" class=\"swiper-slide-image\" src=\"https:\/\/fincaelazahar.com\/wp-content\/uploads\/2024\/02\/alquilar-finca-en-trujillo-7-1.jpg\" alt=\"Finca El Azahar - Casa Rural en Trujillo\" \/><\/figure><\/div>\t\t\t<\/div>\n\t\t\t\t\t\t\t\t\t\t\t\t<div class=\"elementor-swiper-button elementor-swiper-button-prev\" role=\"button\" tabindex=\"0\">\n\t\t\t\t\t\t<svg aria-hidden=\"true\" class=\"e-font-icon-svg e-eicon-chevron-left\" viewbox=\"0 0 1000 1000\" xmlns=\"http:\/\/www.w3.org\/2000\/svg\"><path d=\"M646 125C629 125 613 133 604 142L308 442C296 454 292 471 292 487 292 504 296 521 308 533L604 854C617 867 629 875 646 875 663 875 679 871 692 858 704 846 713 829 713 812 713 796 708 779 692 767L438 487 692 225C700 217 708 204 708 187 708 171 704 154 692 142 675 129 663 125 646 125Z\"><\/path><\/svg>\t\t\t\t\t<\/div>\n\t\t\t\t\t<div class=\"elementor-swiper-button elementor-swiper-button-next\" role=\"button\" tabindex=\"0\">\n\t\t\t\t\t\t<svg aria-hidden=\"true\" class=\"e-font-icon-svg e-eicon-chevron-right\" viewbox=\"0 0 1000 1000\" xmlns=\"http:\/\/www.w3.org\/2000\/svg\"><path d=\"M696 533C708 521 713 504 713 487 713 471 708 454 696 446L400 146C388 133 375 125 354 125 338 125 325 129 313 142 300 154 292 171 292 187 292 204 296 221 308 233L563 492 304 771C292 783 288 800 288 817 288 833 296 850 308 863 321 871 338 875 354 875 371 875 388 867 400 854L696 533Z\"><\/path><\/svg>\t\t\t\t\t<\/div>\n\t\t\t\t\n\t\t\t\t\t\t\t\t\t<\/div>\n\t\t\t\t\t\t<\/div>\n\t\t\t\t<\/div>\n\t\t\t\t<div class=\"elementor-element elementor-element-c6107e5 elementor-absolute elementor-widget elementor-widget-image\" data-id=\"c6107e5\" data-element_type=\"widget\" data-settings=\"{&quot;_position&quot;:&quot;absolute&quot;}\" data-widget_type=\"image.default\">\n\t\t\t\t<div class=\"elementor-widget-container\">\n\t\t\t\t\t\t\t\t\t\t\t\t\t\t\t<img decoding=\"async\" width=\"224\" height=\"204\" src=\"https:\/\/fincaelazahar.com\/wp-content\/uploads\/2024\/02\/icon2.png\" class=\"attachment-full size-full wp-image-376\" alt=\"Finca El Azahar - Casa Rural en Trujillo\" \/>\t\t\t\t\t\t\t\t\t\t\t\t\t\t\t<\/div>\n\t\t\t\t<\/div>\n\t\t\t\t\t<\/div>\n\t\t\t\t<\/div>\n\t\t\t\t\t<\/div>\n\t\t\t\t<\/div>\n\t\t\t\t<\/div>","protected":false},"excerpt":{"rendered":"<p>Una Casa Rural En Trujillo Entre tradici\u00f3n, exclusividad y turismo sostenible. Finca el Azahar es una exclusiva casa rural en Trujillo, ideal para quienes buscan tranquilidad, comodidad y privacidad. A diferencia de otras casas rurales cerca de Trujillo, se puede alquilar completa o por habitaciones. Dispone de cinco amplias y luminosas habitaciones, con vistas a [&hellip;]<\/p>","protected":false},"author":2,"featured_media":0,"parent":0,"menu_order":0,"comment_status":"closed","ping_status":"closed","template":"","meta":{"_acf_changed":false,"_seopress_robots_primary_cat":"","_seopress_titles_title":"Casa Rural en Trujillo %%sep%% %%sitetitle%%","_seopress_titles_desc":"Nuestra casa rural en Trujillo se diferencia de otras por la tranquilidad, comodidad y privacidad que ofrecemos a nuestros hu\u00e9spedes. Disfruta y descansa","_seopress_robots_index":"","footnotes":""},"class_list":["post-326","page","type-page","status-publish","hentry"],"acf":[],"_links":{"self":[{"href":"https:\/\/fincaelazahar.com\/en\/wp-json\/wp\/v2\/pages\/326","targetHints":{"allow":["GET"]}}],"collection":[{"href":"https:\/\/fincaelazahar.com\/en\/wp-json\/wp\/v2\/pages"}],"about":[{"href":"https:\/\/fincaelazahar.com\/en\/wp-json\/wp\/v2\/types\/page"}],"author":[{"embeddable":true,"href":"https:\/\/fincaelazahar.com\/en\/wp-json\/wp\/v2\/users\/2"}],"replies":[{"embeddable":true,"href":"https:\/\/fincaelazahar.com\/en\/wp-json\/wp\/v2\/comments?post=326"}],"version-history":[{"count":54,"href":"https:\/\/fincaelazahar.com\/en\/wp-json\/wp\/v2\/pages\/326\/revisions"}],"predecessor-version":[{"id":1741,"href":"https:\/\/fincaelazahar.com\/en\/wp-json\/wp\/v2\/pages\/326\/revisions\/1741"}],"wp:attachment":[{"href":"https:\/\/fincaelazahar.com\/en\/wp-json\/wp\/v2\/media?parent=326"}],"curies":[{"name":"wp","href":"https:\/\/api.w.org\/{rel}","templated":true}]}}